{"id":832,"date":"2025-10-17T13:14:04","date_gmt":"2025-10-17T13:14:04","guid":{"rendered":"https:\/\/fim.edu.al\/itcicee\/?page_id=832"},"modified":"2025-10-17T13:21:28","modified_gmt":"2025-10-17T13:21:28","slug":"scientific-committee","status":"publish","type":"page","link":"https:\/\/fim.edu.al\/itcicee\/?page_id=832","title":{"rendered":"Scientific Committee"},"content":{"rendered":"\n<h2 class=\"wp-block-heading\">Scientific Committee<\/h2>\n\n\n\n<div class=\"ablocks-block ablocks-block-4f23197e-f7f7-4345-a34c-ddaaf1d34b41 ablocks-block--container ablocks-block--container--is-root alignfull\"><div class=\"ablocks-block-container\">\n<div class=\"ablocks-block ablocks-block-743962ca-ece5-4949-b0dd-f8395c5cc8b9 ablocks-block--lists\"><div class=\"ablocks-list\"><a rel=\"noopener\" class=\"ablocks-list__item-content\"><span class=\"ablocks-list__item-text\" style=\"color:\"><strong>Prof. Ada Trauman,<\/strong> <strong>Institute of Engineering and Circular Economy<\/strong><em>,<\/em> <strong>Estonia<\/strong><br><strong>Prof. Alexandra De Raeve, HOGENT University of Applied Sciences and Arts, Ghent, Belgium<\/strong><br><strong>Prof. Andrej Demsar, University of Ljubljana, Slovenia<\/strong><br><strong>Prof. Anita Tarbuk, University of Zagreb, Croacia<\/strong><br><strong>Prof. Antoneta Tomljenovic, University of Zagreb, Croacia<\/strong><br><strong>Prof. Antonio Jimeno-Morenilla, University of Alicante, SPAIN<\/strong><br><strong>Prof. Artan Hoxha. Polytechnic University of Tirana, Albania<\/strong><br><strong>Prof. Aura Mihai, &#8220;Gheorghe Asachi&#8221; Technical University of Iasi, Rumania<\/strong><br><strong>Prof. Bedii OZDEMIR, Istanbul Technical University, Turkey<\/strong><br><strong>Prof. Blerina Kolgjini, Polytechnic University of Tirana, Albania<\/strong><br><strong>Prof. Chertenko Liliya Pavlivna, Kyiv National University of Technologies &amp; Design, Ukraina<\/strong><br><strong>Prof. Dorin Ionesi, Technical Universiy &#8220;Gheorghe Asachi&#8221;, Romania<\/strong><br><strong>Prof. Elena Bebi, Polytechnic University of Tirana, Albania<\/strong><br><strong>Prof. Erald Piperi, Polytechnic University of Tirana, Albania<\/strong><br><strong>Prof. Eugenia Strazdiene, University of Applied Science, Vilnius, Lituani<\/strong><br><strong>Prof. Flamur Bidaj, Polytechnic University of Tirana, Albania<\/strong><br><strong>Prof. Georgios Priniotakis, University of West Attica, Greece<\/strong><br><strong>Prof. Georgios Stavroulakis, University of West Attica, Greece<\/strong><br><strong>Prof. Giorgio Mustafaraj, Polytechnic University of Tirana, Albania<\/strong><br><strong>Prof. Henrique Armorim Almeida, Polytechnic Institute of Leiria (IPL), Portugal<\/strong><br><strong>Prof. Idlir Dervishi, Polytechnic University of Tirana, Albania<\/strong><br><strong>Prof. Ilo Bodi, Polytechnic University of Tirana, Albania<\/strong>\u00a0\u00a0\u00a0<br><strong>Prof. Irida Markja, Polytechnic University of Tirana, Albania<\/strong><br><strong>Prof. Irma Shyle, Polytechnic University of Tirana, Albania<\/strong><br><strong>Prof. John Kechagias, University of Thessaly, Greece<\/strong><br><strong>Prof. Klodian Dhoska, Polytechnic University of Tirana, Albania<\/strong><br><strong>Prof. Liliana Indrie, University of Oradea, Romania<\/strong><br><strong>Prof. Luigi Maria Galantucci, Politecnico di Bari, Italy\u00a0\u00a0<\/strong><br><strong>Prof. Majlinda Hylli, Polytechnic University of Tirana, Albania<\/strong><br><strong>Prof. Manuela Avadanei, &#8220;Gheorghe Asachi&#8221; Technical University of Iasi, Romania<\/strong><br><strong>Prof. Mauro Scungio, UNITUS, Italy<\/strong><br><strong>Prof. Mirela Blaga, &#8216;Gheorghe Asachi&#8217; Technical University of Iasi, Romania<\/strong><br><strong>Prof. Mirlind Bru\u00e7i, University of Pristina, Kosovo<\/strong><br><strong>Prof. Omar Cherkaoui, Director R&amp;D at ESITH, Morocco<\/strong><br><strong>Prof. Osman Metalla, &#8216;Aleksand\u00ebr Moisiu&#8217; University\u00a0, Albania<\/strong><br><strong>Prof. Ozgur Ceylan, Mu\u011fla S\u0131tk\u0131 Ko\u00e7man University, Turkey<\/strong><br><strong>Prof. Panagiotis Kyratsis, University of Western Macedonia, Greece<\/strong><br><strong>Prof. Pavla Tesinova, Technical University of Liberec, Czech Republic<\/strong><br><strong>Prof. Sergio Camporeale, Politecnico di Bari, Italy<\/strong><br><strong>Prof. Savvas Vasiliadis, University of West Attica, Greece<\/strong><br><strong>Prof. Silva Spahija, Polytechnic University of Tirana, Albania<\/strong><br><strong>Prof. Snezana Stankovic, University of Belgrade, Serbia<\/strong><br><strong>Prof. Sne\u017eana Uro\u0161evi\u0107, University of Belgrade, Serbia<\/strong><br><strong>Prof. Sotiria Galata, University of West Attica, Greece<\/strong><br><strong>Prof. Spiro Drushku, University of Tirana, Albania<\/strong><br><strong>Prof. Stefano Rossi, University of Tuscia, Italy<\/strong><br><strong>Prof. Uwe Riedel, Brandenburg University of Technology Cottbus-Senftenberg, Germany<\/strong><br><strong>Prof. Valentina Ndou, University of Salento, Italy<\/strong><br><strong>Prof. Valma Prifti, Polytechnic University of Tirana, Albania<\/strong><br><strong>Prof. Vincent Nierstrasz, University of Bor\u00e5s, Sweden<\/strong><br><strong>Prof. Vladimir Kasemi, Polytechnic University of Tirana, Albania<\/strong><br><strong>Prof. Yordan Kyosev, \u00a0Institute of Textile Machinery and High Performance Material Technology, Germany<\/strong><br><strong>Prof. Zlatina Kazlacheva, Trakia University of Stara Zagora, Bulgaria<\/strong><\/span><\/a><a rel=\"noopener\" class=\"ablocks-list__item-content\"><span class=\"ablocks-list__item-text\" style=\"color:\"><\/span><\/a><a rel=\"noopener\" class=\"ablocks-list__item-content\"><span class=\"ablocks-list__item-text\" style=\"color:\"><\/span><\/a><\/div><\/div>\n<\/div><\/div>\n","protected":false},"excerpt":{"rendered":"<p>Scientific Committee<\/p>\n","protected":false},"author":1,"featured_media":0,"parent":22,"menu_order":0,"comment_status":"closed","ping_status":"closed","template":"","meta":{"footnotes":""},"class_list":["post-832","page","type-page","status-publish","hentry"],"_links":{"self":[{"href":"https:\/\/fim.edu.al\/itcicee\/index.php?rest_route=\/wp\/v2\/pages\/832","targetHints":{"allow":["GET"]}}],"collection":[{"href":"https:\/\/fim.edu.al\/itcicee\/index.php?rest_route=\/wp\/v2\/pages"}],"about":[{"href":"https:\/\/fim.edu.al\/itcicee\/index.php?rest_route=\/wp\/v2\/types\/page"}],"author":[{"embeddable":true,"href":"https:\/\/fim.edu.al\/itcicee\/index.php?rest_route=\/wp\/v2\/users\/1"}],"replies":[{"embeddable":true,"href":"https:\/\/fim.edu.al\/itcicee\/index.php?rest_route=%2Fwp%2Fv2%2Fcomments&post=832"}],"version-history":[{"count":1,"href":"https:\/\/fim.edu.al\/itcicee\/index.php?rest_route=\/wp\/v2\/pages\/832\/revisions"}],"predecessor-version":[{"id":833,"href":"https:\/\/fim.edu.al\/itcicee\/index.php?rest_route=\/wp\/v2\/pages\/832\/revisions\/833"}],"up":[{"embeddable":true,"href":"https:\/\/fim.edu.al\/itcicee\/index.php?rest_route=\/wp\/v2\/pages\/22"}],"wp:attachment":[{"href":"https:\/\/fim.edu.al\/itcicee\/index.php?rest_route=%2Fwp%2Fv2%2Fmedia&parent=832"}],"curies":[{"name":"wp","href":"https:\/\/api.w.org\/{rel}","templated":true}]}}